{"id":1646,"date":"2021-09-16T18:10:36","date_gmt":"2021-09-16T18:10:36","guid":{"rendered":"https:\/\/centrebureautique.com\/index.php\/articles\/"},"modified":"2026-01-08T22:40:40","modified_gmt":"2026-01-08T21:40:40","slug":"articles","status":"publish","type":"page","link":"https:\/\/centrebureautique.com\/index.php\/articles\/","title":{"rendered":"Articles"},"content":{"rendered":"\t\t<div data-elementor-type=\"wp-page\" data-elementor-id=\"1646\" class=\"elementor elementor-1646\" data-elementor-post-type=\"page\">\n\t\t\t\t\t\t<section class=\"elementor-section elementor-top-section elementor-element elementor-element-f786690 elementor-section-boxed elementor-section-height-default elementor-section-height-default\" data-id=\"f786690\" data-element_type=\"section\" data-e-type=\"section\" data-settings=\"{&quot;background_background&quot;:&quot;classic&quot;}\">\n\t\t\t\t\t\t<div class=\"elementor-container elementor-column-gap-wider\">\n\t\t\t\t\t<div class=\"elementor-column elementor-col-100 elementor-top-column elementor-element elementor-element-2cfd46f\" data-id=\"2cfd46f\" data-element_type=\"column\" data-e-type=\"column\">\n\t\t\t<div class=\"elementor-widget-wrap elementor-element-populated\">\n\t\t\t\t\t\t<div class=\"elementor-element elementor-element-48b79f1 img-align-top img-align-mobile-top image-vertical-align-center slide-h-position-center icon-box-vertical-align-top preserve-img-ratio-cover elementor-widget elementor-widget-the7-elements-simple-posts\" data-id=\"48b79f1\" data-element_type=\"widget\" data-e-type=\"widget\" data-widget_type=\"the7-elements-simple-posts.default\">\n\t\t\t\t<div class=\"elementor-widget-container\">\n\t\t\t\t\t<div class=\"the7-simple-widget-posts the7-elementor-widget the7-elements-simple-posts-48b79f1 jquery-filter jquery-filter\" data-post-limit=\"-1\" data-pagination-mode=\"none\" data-scroll-offset=\"\" aria-live=\"assertive\">\t\t\t<div class=\"dt-css-grid custom-pagination-handler\" data-columns=\"{&quot;d&quot;:3,&quot;t&quot;:2,&quot;p&quot;:1,&quot;wd&quot;:&quot;&quot;}\">\n\t\t\t\t\t\t\t\t\t<div class=\"wf-cell visible \">\n\t\t\t\t\t\t<article class=\"post visible wrapper post-785 type-post status-publish format-standard has-post-thumbnail hentry category-uncategorized\">\n\n\t\t\t\t\t\t\t<div class=\"post-content-wrapper\">\n\t\t\t\t\t\t\t\t\t\t\t\t\t\t\t\t\t<div class=\"the7-simple-post-thumb\">\n\t\t\t\t\t\t\t\t\t\t<a class=\"post-thumbnail-rollover layzr-bg img-css-resize-wrapper\" aria-label=\"Image article\" href=\"https:\/\/centrebureautique.com\/index.php\/2025\/12\/30\/post001\/\"><img fetchpriority=\"high\" decoding=\"async\" width=\"2560\" height=\"1280\" src=\"data:image\/svg+xml,%3Csvg%20xmlns%3D&#039;http%3A%2F%2Fwww.w3.org%2F2000%2Fsvg&#039;%20viewBox%3D&#039;0%200%202560%201280&#039;%2F%3E\" class=\"attachment-full size-full preload-me aspect lazy lazy-load\" alt=\"\" sizes=\"(max-width: 2560px) 100vw, 2560px\" style=\"--ratio: 2560 \/ 1280;\" data-src=\"https:\/\/centrebureautique.com\/wp-content\/uploads\/2025\/12\/vecteezy_a-person-touch-ai-chip-new-technology-big-data-and-business_47733439-scaled.jpg\" loading=\"eager\" data-srcset=\"https:\/\/centrebureautique.com\/wp-content\/uploads\/2025\/12\/vecteezy_a-person-touch-ai-chip-new-technology-big-data-and-business_47733439-scaled.jpg 2560w, https:\/\/centrebureautique.com\/wp-content\/uploads\/2025\/12\/vecteezy_a-person-touch-ai-chip-new-technology-big-data-and-business_47733439-300x150.jpg 300w, https:\/\/centrebureautique.com\/wp-content\/uploads\/2025\/12\/vecteezy_a-person-touch-ai-chip-new-technology-big-data-and-business_47733439-1024x512.jpg 1024w, https:\/\/centrebureautique.com\/wp-content\/uploads\/2025\/12\/vecteezy_a-person-touch-ai-chip-new-technology-big-data-and-business_47733439-768x384.jpg 768w, https:\/\/centrebureautique.com\/wp-content\/uploads\/2025\/12\/vecteezy_a-person-touch-ai-chip-new-technology-big-data-and-business_47733439-1536x768.jpg 1536w, https:\/\/centrebureautique.com\/wp-content\/uploads\/2025\/12\/vecteezy_a-person-touch-ai-chip-new-technology-big-data-and-business_47733439-2048x1024.jpg 2048w\" \/><span class=\"the7-hover-icon\"><\/span><\/a>\t\t\t\t\t\t\t\t\t<\/div>\n\t\t\t\t\t\t\t\t\t\t\t\t\t\t\t\t<div class=\"post-entry-content\">\n\t\t\t\t\t\t\t\t\t<h5 class=\"heading\"><a href=\"https:\/\/centrebureautique.com\/index.php\/2025\/12\/30\/post001\/\" rel=\"bookmark\" title=\"L\u2019Intelligence Artificielle au service de votre productivit\u00e9\" class=\"post-title\">L\u2019Intelligence Artificielle au service de votre productivit\u00e9<\/a><\/h5><div class=\"entry-meta\"><\/div><p class=\"short-description\">Dans un environnement o\u00f9 la rapidit\u00e9 et l\u2019efficacit\u00e9 sont essentielles, l\u2019intelligence artificielle (IA) devient un levier incontournable pour moderniser les op\u00e9rations. <\/p><a href=\"https:\/\/centrebureautique.com\/index.php\/2025\/12\/30\/post001\/\" target=\"\" aria-label=\"En savoir plus sur L\u2019Intelligence Artificielle au service de votre productivit\u00e9\" class=\"box-button elementor-button elementor-size-sm\">Lire l\u2019article<\/a>\t\t\t\t\t\t\t\t<\/div>\n\t\t\t\t\t\t\t<\/div>\n\t\t\t\t\t\t<\/article>\n\t\t\t\t\t<\/div>\t\t\t\t\t\t\t\t\t\t<div class=\"wf-cell visible \">\n\t\t\t\t\t\t<article class=\"post visible wrapper post-208 type-post status-publish format-standard has-post-thumbnail hentry category-uncategorized\">\n\n\t\t\t\t\t\t\t<div class=\"post-content-wrapper\">\n\t\t\t\t\t\t\t\t\t\t\t\t\t\t\t\t\t<div class=\"the7-simple-post-thumb\">\n\t\t\t\t\t\t\t\t\t\t<a class=\"post-thumbnail-rollover layzr-bg img-css-resize-wrapper\" aria-label=\"Image article\" href=\"https:\/\/centrebureautique.com\/index.php\/2025\/12\/30\/post22\/\"><img decoding=\"async\" width=\"640\" height=\"266\" src=\"data:image\/svg+xml,%3Csvg%20xmlns%3D&#039;http%3A%2F%2Fwww.w3.org%2F2000%2Fsvg&#039;%20viewBox%3D&#039;0%200%20640%20266&#039;%2F%3E\" class=\"attachment-full size-full preload-me aspect lazy lazy-load\" alt=\"\" sizes=\"(max-width: 640px) 100vw, 640px\" style=\"--ratio: 640 \/ 266;\" data-src=\"https:\/\/centrebureautique.com\/wp-content\/uploads\/2025\/03\/b8b3593d-806b-4271-8251-cbec19095f9f.jpg\" loading=\"eager\" data-srcset=\"https:\/\/centrebureautique.com\/wp-content\/uploads\/2025\/03\/b8b3593d-806b-4271-8251-cbec19095f9f.jpg 640w, https:\/\/centrebureautique.com\/wp-content\/uploads\/2025\/03\/b8b3593d-806b-4271-8251-cbec19095f9f-300x125.jpg 300w\" \/><span class=\"the7-hover-icon\"><\/span><\/a>\t\t\t\t\t\t\t\t\t<\/div>\n\t\t\t\t\t\t\t\t\t\t\t\t\t\t\t\t<div class=\"post-entry-content\">\n\t\t\t\t\t\t\t\t\t<h5 class=\"heading\"><a href=\"https:\/\/centrebureautique.com\/index.php\/2025\/12\/30\/post22\/\" rel=\"bookmark\" title=\"La Productivit\u00e9 R\u00e9invent\u00e9e Gr\u00e2ce \u00e0 l\u2019Automatisation\" class=\"post-title\">La Productivit\u00e9 R\u00e9invent\u00e9e Gr\u00e2ce \u00e0 l\u2019Automatisation<\/a><\/h5><div class=\"entry-meta\"><\/div><p class=\"short-description\">Am\u00e9liorer votre efficacit\u00e9 op\u00e9rationnelle permet non seulement de r\u00e9duire les co\u00fbts, mais aussi d\u2019offrir un meilleur service \u00e0 vos clients et d\u2019augmenter la qualit\u00e9 de vos r\u00e9sultats.<\/p><a href=\"https:\/\/centrebureautique.com\/index.php\/2025\/12\/30\/post22\/\" target=\"\" aria-label=\"En savoir plus sur La Productivit\u00e9 R\u00e9invent\u00e9e Gr\u00e2ce \u00e0 l\u2019Automatisation\" class=\"box-button elementor-button elementor-size-sm\">Lire l\u2019article<\/a>\t\t\t\t\t\t\t\t<\/div>\n\t\t\t\t\t\t\t<\/div>\n\t\t\t\t\t\t<\/article>\n\t\t\t\t\t<\/div>\t\t\t\t\t\t\t\t\t\t<div class=\"wf-cell visible \">\n\t\t\t\t\t\t<article class=\"post visible wrapper post-206 type-post status-publish format-standard has-post-thumbnail hentry category-uncategorized\">\n\n\t\t\t\t\t\t\t<div class=\"post-content-wrapper\">\n\t\t\t\t\t\t\t\t\t\t\t\t\t\t\t\t\t<div class=\"the7-simple-post-thumb\">\n\t\t\t\t\t\t\t\t\t\t<a class=\"post-thumbnail-rollover layzr-bg img-css-resize-wrapper\" aria-label=\"Image article\" href=\"https:\/\/centrebureautique.com\/index.php\/2025\/12\/30\/post006\/\"><img decoding=\"async\" width=\"1024\" height=\"436\" src=\"data:image\/svg+xml,%3Csvg%20xmlns%3D&#039;http%3A%2F%2Fwww.w3.org%2F2000%2Fsvg&#039;%20viewBox%3D&#039;0%200%201024%20436&#039;%2F%3E\" class=\"attachment-full size-full preload-me aspect lazy lazy-load\" alt=\"\" sizes=\"(max-width: 1024px) 100vw, 1024px\" style=\"--ratio: 1024 \/ 436;\" data-src=\"https:\/\/centrebureautique.com\/wp-content\/uploads\/2025\/12\/ThereforeOnline-1024x436-1.webp\" loading=\"eager\" data-srcset=\"https:\/\/centrebureautique.com\/wp-content\/uploads\/2025\/12\/ThereforeOnline-1024x436-1.webp 1024w, https:\/\/centrebureautique.com\/wp-content\/uploads\/2025\/12\/ThereforeOnline-1024x436-1-300x128.webp 300w, https:\/\/centrebureautique.com\/wp-content\/uploads\/2025\/12\/ThereforeOnline-1024x436-1-768x327.webp 768w\" \/><span class=\"the7-hover-icon\"><\/span><\/a>\t\t\t\t\t\t\t\t\t<\/div>\n\t\t\t\t\t\t\t\t\t\t\t\t\t\t\t\t<div class=\"post-entry-content\">\n\t\t\t\t\t\t\t\t\t<h5 class=\"heading\"><a href=\"https:\/\/centrebureautique.com\/index.php\/2025\/12\/30\/post006\/\" rel=\"bookmark\" title=\"La gestion documentaire sans serveur, sans souci\" class=\"post-title\">La gestion documentaire sans serveur, sans souci<\/a><\/h5><div class=\"entry-meta\"><\/div><p class=\"short-description\">Therefore Online s\u2019impose comme la plateforme de gestion documentaire parfaite pour les petites et moyennes entreprises. Enti\u00e8rement h\u00e9berg\u00e9e dans le cloud, elle \u00e9limine les contraintes traditionnelles li\u00e9es aux serveurs internes tout en offrant une performance et une flexibilit\u00e9 in\u00e9gal\u00e9es.<\/p><a href=\"https:\/\/centrebureautique.com\/index.php\/2025\/12\/30\/post006\/\" target=\"\" aria-label=\"En savoir plus sur La gestion documentaire sans serveur, sans souci\" class=\"box-button elementor-button elementor-size-sm\">Lire l\u2019article<\/a>\t\t\t\t\t\t\t\t<\/div>\n\t\t\t\t\t\t\t<\/div>\n\t\t\t\t\t\t<\/article>\n\t\t\t\t\t<\/div>\t\t\t\t\t\t\t\t\t\t<div class=\"wf-cell visible \">\n\t\t\t\t\t\t<article class=\"post visible wrapper post-215 type-post status-publish format-standard has-post-thumbnail hentry category-uncategorized\">\n\n\t\t\t\t\t\t\t<div class=\"post-content-wrapper\">\n\t\t\t\t\t\t\t\t\t\t\t\t\t\t\t\t\t<div class=\"the7-simple-post-thumb\">\n\t\t\t\t\t\t\t\t\t\t<a class=\"post-thumbnail-rollover layzr-bg img-css-resize-wrapper\" aria-label=\"Image article\" href=\"https:\/\/centrebureautique.com\/index.php\/2025\/12\/30\/post005\/\"><img decoding=\"async\" width=\"408\" height=\"123\" src=\"data:image\/svg+xml,%3Csvg%20xmlns%3D&#039;http%3A%2F%2Fwww.w3.org%2F2000%2Fsvg&#039;%20viewBox%3D&#039;0%200%20408%20123&#039;%2F%3E\" class=\"attachment-full size-full preload-me aspect lazy lazy-load\" alt=\"\" sizes=\"(max-width: 408px) 100vw, 408px\" style=\"--ratio: 408 \/ 123;\" data-src=\"https:\/\/centrebureautique.com\/wp-content\/uploads\/2025\/04\/Canon.png\" loading=\"eager\" data-srcset=\"https:\/\/centrebureautique.com\/wp-content\/uploads\/2025\/04\/Canon.png 408w, https:\/\/centrebureautique.com\/wp-content\/uploads\/2025\/04\/Canon-300x90.png 300w\" \/><span class=\"the7-hover-icon\"><\/span><\/a>\t\t\t\t\t\t\t\t\t<\/div>\n\t\t\t\t\t\t\t\t\t\t\t\t\t\t\t\t<div class=\"post-entry-content\">\n\t\t\t\t\t\t\t\t\t<h5 class=\"heading\"><a href=\"https:\/\/centrebureautique.com\/index.php\/2025\/12\/30\/post005\/\" rel=\"bookmark\" title=\"Canon: La Puissance de l\u2019Image au Service de Votre Entreprise\" class=\"post-title\">Canon: La Puissance de l\u2019Image au Service de Votre Entreprise<\/a><\/h5><div class=\"entry-meta\"><\/div><p class=\"short-description\">Les appareils d\u2019impression et de num\u00e9risation Canon se distinguent depuis des d\u00e9cennies par leur fiabilit\u00e9 exceptionnelle, leur qualit\u00e9 d\u2019image sup\u00e9rieure et leur technologie avanc\u00e9e con\u00e7ue pour optimiser le travail des entreprises modernes.<\/p><a href=\"https:\/\/centrebureautique.com\/index.php\/2025\/12\/30\/post005\/\" target=\"\" aria-label=\"En savoir plus sur Canon: La Puissance de l\u2019Image au Service de Votre Entreprise\" class=\"box-button elementor-button elementor-size-sm\">Lire l\u2019article<\/a>\t\t\t\t\t\t\t\t<\/div>\n\t\t\t\t\t\t\t<\/div>\n\t\t\t\t\t\t<\/article>\n\t\t\t\t\t<\/div>\t\t\t\t\t\t\t\t\t\t<div class=\"wf-cell visible \">\n\t\t\t\t\t\t<article class=\"post visible wrapper post-134 type-post status-publish format-standard has-post-thumbnail hentry category-uncategorized\">\n\n\t\t\t\t\t\t\t<div class=\"post-content-wrapper\">\n\t\t\t\t\t\t\t\t\t\t\t\t\t\t\t\t\t<div class=\"the7-simple-post-thumb\">\n\t\t\t\t\t\t\t\t\t\t<a class=\"post-thumbnail-rollover layzr-bg img-css-resize-wrapper\" aria-label=\"Image article\" href=\"https:\/\/centrebureautique.com\/index.php\/2025\/12\/30\/post004\/\"><img decoding=\"async\" width=\"800\" height=\"640\" src=\"data:image\/svg+xml,%3Csvg%20xmlns%3D&#039;http%3A%2F%2Fwww.w3.org%2F2000%2Fsvg&#039;%20viewBox%3D&#039;0%200%20800%20640&#039;%2F%3E\" class=\"attachment-full size-full preload-me aspect lazy lazy-load\" alt=\"\" sizes=\"(max-width: 800px) 100vw, 800px\" style=\"--ratio: 800 \/ 640;\" data-src=\"https:\/\/centrebureautique.com\/wp-content\/uploads\/2025\/12\/1255C002_imageformula-scanfront-400-networked-document-scanner_8.jpeg\" loading=\"eager\" data-srcset=\"https:\/\/centrebureautique.com\/wp-content\/uploads\/2025\/12\/1255C002_imageformula-scanfront-400-networked-document-scanner_8.jpeg 800w, https:\/\/centrebureautique.com\/wp-content\/uploads\/2025\/12\/1255C002_imageformula-scanfront-400-networked-document-scanner_8-300x240.jpeg 300w, https:\/\/centrebureautique.com\/wp-content\/uploads\/2025\/12\/1255C002_imageformula-scanfront-400-networked-document-scanner_8-768x614.jpeg 768w\" \/><span class=\"the7-hover-icon\"><\/span><\/a>\t\t\t\t\t\t\t\t\t<\/div>\n\t\t\t\t\t\t\t\t\t\t\t\t\t\t\t\t<div class=\"post-entry-content\">\n\t\t\t\t\t\t\t\t\t<h5 class=\"heading\"><a href=\"https:\/\/centrebureautique.com\/index.php\/2025\/12\/30\/post004\/\" rel=\"bookmark\" title=\"Num\u00e9risez \u00e0 la vitesse des affaires\" class=\"post-title\">Num\u00e9risez \u00e0 la vitesse des affaires<\/a><\/h5><div class=\"entry-meta\"><\/div><p class=\"short-description\">Dans un contexte o\u00f9 les entreprises doivent traiter toujours plus d\u2019information en moins de temps, les num\u00e9riseurs de table haute vitesse s\u2019imposent comme l\u2019outil id\u00e9al pour optimiser vos processus documentaires<\/p><a href=\"https:\/\/centrebureautique.com\/index.php\/2025\/12\/30\/post004\/\" target=\"\" aria-label=\"En savoir plus sur Num\u00e9risez \u00e0 la vitesse des affaires\" class=\"box-button elementor-button elementor-size-sm\">Lire l\u2019article<\/a>\t\t\t\t\t\t\t\t<\/div>\n\t\t\t\t\t\t\t<\/div>\n\t\t\t\t\t\t<\/article>\n\t\t\t\t\t<\/div>\t\t\t\t\t\t\t\t<\/div>\n\t\t<\/div>\t\t\t\t<\/div>\n\t\t\t\t<\/div>\n\t\t\t\t\t<\/div>\n\t\t<\/div>\n\t\t\t\t\t<\/div>\n\t\t<\/section>\n\t\t\t\t<\/div>\n\t\t","protected":false},"excerpt":{"rendered":"<p>L\u2019Intelligence Artificielle au service de votre productivit\u00e9 Dans un environnement o\u00f9 la rapidit\u00e9 et l\u2019efficacit\u00e9 sont essentielles, l\u2019intelligence artificielle (IA) devient un levier incontournable pour moderniser les op\u00e9rations. Lire l\u2019article La Productivit\u00e9 R\u00e9invent\u00e9e Gr\u00e2ce \u00e0 l\u2019Automatisation Am\u00e9liorer votre efficacit\u00e9 op\u00e9rationnelle permet non seulement de r\u00e9duire les co\u00fbts, mais aussi d\u2019offrir un meilleur service \u00e0 vos&hellip;<\/p>\n","protected":false},"author":1,"featured_media":5614,"parent":0,"menu_order":25,"comment_status":"closed","ping_status":"closed","template":"","meta":{"footnotes":""},"class_list":["post-1646","page","type-page","status-publish","has-post-thumbnail","hentry"],"yoast_head":"<!-- This site is optimized with the Yoast SEO plugin v27.4 - https:\/\/yoast.com\/product\/yoast-seo-wordpress\/ -->\n<title>Articles - Centre Bureautique Rimouski<\/title>\n<meta name=\"description\" content=\"Articles sur les technologies : nouveaut\u00e9s, IA, automatisation et innovations pour accompagner votre transformation num\u00e9rique.\" \/>\n<meta name=\"robots\" content=\"index, follow, max-snippet:-1, max-image-preview:large, max-video-preview:-1\" \/>\n<link rel=\"canonical\" href=\"https:\/\/centrebureautique.com\/index.php\/articles\/\" \/>\n<meta property=\"og:locale\" content=\"fr_FR\" \/>\n<meta property=\"og:type\" content=\"article\" \/>\n<meta property=\"og:title\" content=\"Articles - Centre Bureautique Rimouski\" \/>\n<meta property=\"og:description\" content=\"Articles sur les technologies : nouveaut\u00e9s, IA, automatisation et innovations pour accompagner votre transformation num\u00e9rique.\" \/>\n<meta property=\"og:url\" content=\"https:\/\/centrebureautique.com\/index.php\/articles\/\" \/>\n<meta property=\"og:site_name\" content=\"Centre Bureautique Rimouski\" \/>\n<meta property=\"article:publisher\" content=\"https:\/\/www.facebook.com\/centrebureautique\" \/>\n<meta property=\"article:modified_time\" content=\"2026-01-08T21:40:40+00:00\" \/>\n<meta property=\"og:image\" content=\"https:\/\/centrebureautique.com\/wp-content\/uploads\/2025\/12\/team_collaboration_network_apps_online-technology_hands-reaching-100777508-orig.jpg\" \/>\n\t<meta property=\"og:image:width\" content=\"1024\" \/>\n\t<meta property=\"og:image:height\" content=\"682\" \/>\n\t<meta property=\"og:image:type\" content=\"image\/jpeg\" \/>\n<meta name=\"twitter:card\" content=\"summary_large_image\" \/>\n<meta name=\"twitter:label1\" content=\"Dur\u00e9e de lecture estim\u00e9e\" \/>\n\t<meta name=\"twitter:data1\" content=\"2 minutes\" \/>\n<script type=\"application\/ld+json\" class=\"yoast-schema-graph\">{\"@context\":\"https:\\\/\\\/schema.org\",\"@graph\":[{\"@type\":\"WebPage\",\"@id\":\"https:\\\/\\\/centrebureautique.com\\\/index.php\\\/articles\\\/\",\"url\":\"https:\\\/\\\/centrebureautique.com\\\/index.php\\\/articles\\\/\",\"name\":\"Articles - Centre Bureautique Rimouski\",\"isPartOf\":{\"@id\":\"https:\\\/\\\/centrebureautique.com\\\/#website\"},\"primaryImageOfPage\":{\"@id\":\"https:\\\/\\\/centrebureautique.com\\\/index.php\\\/articles\\\/#primaryimage\"},\"image\":{\"@id\":\"https:\\\/\\\/centrebureautique.com\\\/index.php\\\/articles\\\/#primaryimage\"},\"thumbnailUrl\":\"https:\\\/\\\/centrebureautique.com\\\/wp-content\\\/uploads\\\/2025\\\/12\\\/team_collaboration_network_apps_online-technology_hands-reaching-100777508-orig.jpg\",\"datePublished\":\"2021-09-16T18:10:36+00:00\",\"dateModified\":\"2026-01-08T21:40:40+00:00\",\"description\":\"Articles sur les technologies : nouveaut\u00e9s, IA, automatisation et innovations pour accompagner votre transformation num\u00e9rique.\",\"breadcrumb\":{\"@id\":\"https:\\\/\\\/centrebureautique.com\\\/index.php\\\/articles\\\/#breadcrumb\"},\"inLanguage\":\"fr-FR\",\"potentialAction\":[{\"@type\":\"ReadAction\",\"target\":[\"https:\\\/\\\/centrebureautique.com\\\/index.php\\\/articles\\\/\"]}]},{\"@type\":\"ImageObject\",\"inLanguage\":\"fr-FR\",\"@id\":\"https:\\\/\\\/centrebureautique.com\\\/index.php\\\/articles\\\/#primaryimage\",\"url\":\"https:\\\/\\\/centrebureautique.com\\\/wp-content\\\/uploads\\\/2025\\\/12\\\/team_collaboration_network_apps_online-technology_hands-reaching-100777508-orig.jpg\",\"contentUrl\":\"https:\\\/\\\/centrebureautique.com\\\/wp-content\\\/uploads\\\/2025\\\/12\\\/team_collaboration_network_apps_online-technology_hands-reaching-100777508-orig.jpg\",\"width\":1024,\"height\":682},{\"@type\":\"BreadcrumbList\",\"@id\":\"https:\\\/\\\/centrebureautique.com\\\/index.php\\\/articles\\\/#breadcrumb\",\"itemListElement\":[{\"@type\":\"ListItem\",\"position\":1,\"name\":\"Accueil\",\"item\":\"https:\\\/\\\/centrebureautique.com\\\/\"},{\"@type\":\"ListItem\",\"position\":2,\"name\":\"Articles\"}]},{\"@type\":\"WebSite\",\"@id\":\"https:\\\/\\\/centrebureautique.com\\\/#website\",\"url\":\"https:\\\/\\\/centrebureautique.com\\\/\",\"name\":\"Centre Bureautique\",\"description\":\"Des solutions d\u2019impression et de gestion documentaire qui travaillent pour vous\",\"publisher\":{\"@id\":\"https:\\\/\\\/centrebureautique.com\\\/#organization\"},\"potentialAction\":[{\"@type\":\"SearchAction\",\"target\":{\"@type\":\"EntryPoint\",\"urlTemplate\":\"https:\\\/\\\/centrebureautique.com\\\/?s={search_term_string}\"},\"query-input\":{\"@type\":\"PropertyValueSpecification\",\"valueRequired\":true,\"valueName\":\"search_term_string\"}}],\"inLanguage\":\"fr-FR\"},{\"@type\":\"Organization\",\"@id\":\"https:\\\/\\\/centrebureautique.com\\\/#organization\",\"name\":\"Centre Bureautique\",\"url\":\"https:\\\/\\\/centrebureautique.com\\\/\",\"logo\":{\"@type\":\"ImageObject\",\"inLanguage\":\"fr-FR\",\"@id\":\"https:\\\/\\\/centrebureautique.com\\\/#\\\/schema\\\/logo\\\/image\\\/\",\"url\":\"http:\\\/\\\/centrebureautique.com\\\/wp-content\\\/uploads\\\/2025\\\/03\\\/CentreBureautiqueCOUL.png\",\"contentUrl\":\"http:\\\/\\\/centrebureautique.com\\\/wp-content\\\/uploads\\\/2025\\\/03\\\/CentreBureautiqueCOUL.png\",\"width\":1950,\"height\":750,\"caption\":\"Centre Bureautique\"},\"image\":{\"@id\":\"https:\\\/\\\/centrebureautique.com\\\/#\\\/schema\\\/logo\\\/image\\\/\"},\"sameAs\":[\"https:\\\/\\\/www.facebook.com\\\/centrebureautique\"]}]}<\/script>\n<!-- \/ Yoast SEO plugin. -->","yoast_head_json":{"title":"Articles - Centre Bureautique Rimouski","description":"Articles sur les technologies : nouveaut\u00e9s, IA, automatisation et innovations pour accompagner votre transformation num\u00e9rique.","robots":{"index":"index","follow":"follow","max-snippet":"max-snippet:-1","max-image-preview":"max-image-preview:large","max-video-preview":"max-video-preview:-1"},"canonical":"https:\/\/centrebureautique.com\/index.php\/articles\/","og_locale":"fr_FR","og_type":"article","og_title":"Articles - Centre Bureautique Rimouski","og_description":"Articles sur les technologies : nouveaut\u00e9s, IA, automatisation et innovations pour accompagner votre transformation num\u00e9rique.","og_url":"https:\/\/centrebureautique.com\/index.php\/articles\/","og_site_name":"Centre Bureautique Rimouski","article_publisher":"https:\/\/www.facebook.com\/centrebureautique","article_modified_time":"2026-01-08T21:40:40+00:00","og_image":[{"width":1024,"height":682,"url":"https:\/\/centrebureautique.com\/wp-content\/uploads\/2025\/12\/team_collaboration_network_apps_online-technology_hands-reaching-100777508-orig.jpg","type":"image\/jpeg"}],"twitter_card":"summary_large_image","twitter_misc":{"Dur\u00e9e de lecture estim\u00e9e":"2 minutes"},"schema":{"@context":"https:\/\/schema.org","@graph":[{"@type":"WebPage","@id":"https:\/\/centrebureautique.com\/index.php\/articles\/","url":"https:\/\/centrebureautique.com\/index.php\/articles\/","name":"Articles - Centre Bureautique Rimouski","isPartOf":{"@id":"https:\/\/centrebureautique.com\/#website"},"primaryImageOfPage":{"@id":"https:\/\/centrebureautique.com\/index.php\/articles\/#primaryimage"},"image":{"@id":"https:\/\/centrebureautique.com\/index.php\/articles\/#primaryimage"},"thumbnailUrl":"https:\/\/centrebureautique.com\/wp-content\/uploads\/2025\/12\/team_collaboration_network_apps_online-technology_hands-reaching-100777508-orig.jpg","datePublished":"2021-09-16T18:10:36+00:00","dateModified":"2026-01-08T21:40:40+00:00","description":"Articles sur les technologies : nouveaut\u00e9s, IA, automatisation et innovations pour accompagner votre transformation num\u00e9rique.","breadcrumb":{"@id":"https:\/\/centrebureautique.com\/index.php\/articles\/#breadcrumb"},"inLanguage":"fr-FR","potentialAction":[{"@type":"ReadAction","target":["https:\/\/centrebureautique.com\/index.php\/articles\/"]}]},{"@type":"ImageObject","inLanguage":"fr-FR","@id":"https:\/\/centrebureautique.com\/index.php\/articles\/#primaryimage","url":"https:\/\/centrebureautique.com\/wp-content\/uploads\/2025\/12\/team_collaboration_network_apps_online-technology_hands-reaching-100777508-orig.jpg","contentUrl":"https:\/\/centrebureautique.com\/wp-content\/uploads\/2025\/12\/team_collaboration_network_apps_online-technology_hands-reaching-100777508-orig.jpg","width":1024,"height":682},{"@type":"BreadcrumbList","@id":"https:\/\/centrebureautique.com\/index.php\/articles\/#breadcrumb","itemListElement":[{"@type":"ListItem","position":1,"name":"Accueil","item":"https:\/\/centrebureautique.com\/"},{"@type":"ListItem","position":2,"name":"Articles"}]},{"@type":"WebSite","@id":"https:\/\/centrebureautique.com\/#website","url":"https:\/\/centrebureautique.com\/","name":"Centre Bureautique","description":"Des solutions d\u2019impression et de gestion documentaire qui travaillent pour vous","publisher":{"@id":"https:\/\/centrebureautique.com\/#organization"},"potentialAction":[{"@type":"SearchAction","target":{"@type":"EntryPoint","urlTemplate":"https:\/\/centrebureautique.com\/?s={search_term_string}"},"query-input":{"@type":"PropertyValueSpecification","valueRequired":true,"valueName":"search_term_string"}}],"inLanguage":"fr-FR"},{"@type":"Organization","@id":"https:\/\/centrebureautique.com\/#organization","name":"Centre Bureautique","url":"https:\/\/centrebureautique.com\/","logo":{"@type":"ImageObject","inLanguage":"fr-FR","@id":"https:\/\/centrebureautique.com\/#\/schema\/logo\/image\/","url":"http:\/\/centrebureautique.com\/wp-content\/uploads\/2025\/03\/CentreBureautiqueCOUL.png","contentUrl":"http:\/\/centrebureautique.com\/wp-content\/uploads\/2025\/03\/CentreBureautiqueCOUL.png","width":1950,"height":750,"caption":"Centre Bureautique"},"image":{"@id":"https:\/\/centrebureautique.com\/#\/schema\/logo\/image\/"},"sameAs":["https:\/\/www.facebook.com\/centrebureautique"]}]}},"jetpack_sharing_enabled":true,"_links":{"self":[{"href":"https:\/\/centrebureautique.com\/index.php\/wp-json\/wp\/v2\/pages\/1646","targetHints":{"allow":["GET"]}}],"collection":[{"href":"https:\/\/centrebureautique.com\/index.php\/wp-json\/wp\/v2\/pages"}],"about":[{"href":"https:\/\/centrebureautique.com\/index.php\/wp-json\/wp\/v2\/types\/page"}],"author":[{"embeddable":true,"href":"https:\/\/centrebureautique.com\/index.php\/wp-json\/wp\/v2\/users\/1"}],"replies":[{"embeddable":true,"href":"https:\/\/centrebureautique.com\/index.php\/wp-json\/wp\/v2\/comments?post=1646"}],"version-history":[{"count":12,"href":"https:\/\/centrebureautique.com\/index.php\/wp-json\/wp\/v2\/pages\/1646\/revisions"}],"predecessor-version":[{"id":6115,"href":"https:\/\/centrebureautique.com\/index.php\/wp-json\/wp\/v2\/pages\/1646\/revisions\/6115"}],"wp:featuredmedia":[{"embeddable":true,"href":"https:\/\/centrebureautique.com\/index.php\/wp-json\/wp\/v2\/media\/5614"}],"wp:attachment":[{"href":"https:\/\/centrebureautique.com\/index.php\/wp-json\/wp\/v2\/media?parent=1646"}],"curies":[{"name":"wp","href":"https:\/\/api.w.org\/{rel}","templated":true}]}}