{"id":5121,"date":"2025-04-04T20:12:19","date_gmt":"2025-04-04T18:12:19","guid":{"rendered":"https:\/\/centrebureautique.com\/?page_id=5121"},"modified":"2026-01-09T14:20:05","modified_gmt":"2026-01-09T13:20:05","slug":"vente-de-cartouches-et-consommables","status":"publish","type":"page","link":"https:\/\/centrebureautique.com\/index.php\/vente-de-cartouches-et-consommables\/","title":{"rendered":"Vente de cartouches et consommables"},"content":{"rendered":"\t\t<div data-elementor-type=\"wp-page\" data-elementor-id=\"5121\" class=\"elementor elementor-5121\" data-elementor-post-type=\"page\">\n\t\t\t\t<div class=\"elementor-element elementor-element-ac321e7 e-flex e-con-boxed e-con e-parent\" data-id=\"ac321e7\" data-element_type=\"container\" data-e-type=\"container\">\n\t\t\t\t\t<div class=\"e-con-inner\">\n\t\t\t\t<div class=\"elementor-element elementor-element-d637c08 elementor-widget elementor-widget-spacer\" data-id=\"d637c08\" data-element_type=\"widget\" data-e-type=\"widget\" data-widget_type=\"spacer.default\">\n\t\t\t\t<div class=\"elementor-widget-container\">\n\t\t\t\t\t\t\t<div class=\"elementor-spacer\">\n\t\t\t<div class=\"elementor-spacer-inner\"><\/div>\n\t\t<\/div>\n\t\t\t\t\t\t<\/div>\n\t\t\t\t<\/div>\n\t\t\t\t\t<\/div>\n\t\t\t\t<\/div>\n\t\t<div class=\"elementor-element elementor-element-b1cc09e e-grid e-con-boxed e-con e-parent\" data-id=\"b1cc09e\" data-element_type=\"container\" data-e-type=\"container\">\n\t\t\t\t\t<div class=\"e-con-inner\">\n\t\t\t\t<div class=\"elementor-element elementor-element-593b7f6 elementor-widget elementor-widget-image\" data-id=\"593b7f6\" data-element_type=\"widget\" data-e-type=\"widget\" data-widget_type=\"image.default\">\n\t\t\t\t<div class=\"elementor-widget-container\">\n\t\t\t\t\t\t\t\t\t\t\t\t\t\t\t<img fetchpriority=\"high\" decoding=\"async\" width=\"768\" height=\"419\" src=\"https:\/\/centrebureautique.com\/wp-content\/uploads\/2025\/04\/How-Long-Does-A-Toner-Cartridge-Last-768x419.jpg\" class=\"attachment-medium_large size-medium_large wp-image-5126\" alt=\"\" srcset=\"https:\/\/centrebureautique.com\/wp-content\/uploads\/2025\/04\/How-Long-Does-A-Toner-Cartridge-Last-768x419.jpg 768w, https:\/\/centrebureautique.com\/wp-content\/uploads\/2025\/04\/How-Long-Does-A-Toner-Cartridge-Last-300x164.jpg 300w, https:\/\/centrebureautique.com\/wp-content\/uploads\/2025\/04\/How-Long-Does-A-Toner-Cartridge-Last.jpg 1000w\" sizes=\"(max-width: 768px) 100vw, 768px\" \/>\t\t\t\t\t\t\t\t\t\t\t\t\t\t\t<\/div>\n\t\t\t\t<\/div>\n\t\t\t\t<div class=\"elementor-element elementor-element-dbc03aa elementor-widget elementor-widget-text-editor\" data-id=\"dbc03aa\" data-element_type=\"widget\" data-e-type=\"widget\" data-widget_type=\"text-editor.default\">\n\t\t\t\t<div class=\"elementor-widget-container\">\n\t\t\t\t\t\t\t\t\t<h3 class=\"\" data-start=\"168\" data-end=\"235\">\ud83d\udda8\ufe0f <strong data-start=\"176\" data-end=\"235\">Cartouches et consommables pour copieurs et imprimantes<\/strong><\/h3><p class=\"\" data-start=\"237\" data-end=\"397\">Chez <strong data-start=\"242\" data-end=\"264\">Centre Bureautique<\/strong>, nous vous offrons tout le n\u00e9cessaire pour faire fonctionner vos \u00e9quipements d\u2019impression en continu, sans compromis sur la qualit\u00e9.<\/p><p class=\"\" data-start=\"399\" data-end=\"584\">Nous proposons une large gamme de <strong data-start=\"433\" data-end=\"479\">cartouches d\u2019encre, toners et consommables<\/strong> compatibles avec les principales marques du march\u00e9 : <strong data-start=\"533\" data-end=\"565\">Canon, Lexmark , Brother, Samsung<\/strong>,<strong> HP<\/strong> et bien d&rsquo;autres.<\/p><p class=\"\" data-start=\"1068\" data-end=\"1140\">\u00a0<\/p>\t\t\t\t\t\t\t\t<\/div>\n\t\t\t\t<\/div>\n\t\t\t\t\t<\/div>\n\t\t\t\t<\/div>\n\t\t<div class=\"elementor-element elementor-element-d63ed5b e-grid e-con-boxed e-con e-parent\" data-id=\"d63ed5b\" data-element_type=\"container\" data-e-type=\"container\">\n\t\t\t\t\t<div class=\"e-con-inner\">\n\t\t\t\t<div class=\"elementor-element elementor-element-9673d71 elementor-widget elementor-widget-text-editor\" data-id=\"9673d71\" data-element_type=\"widget\" data-e-type=\"widget\" data-widget_type=\"text-editor.default\">\n\t\t\t\t<div class=\"elementor-widget-container\">\n\t\t\t\t\t\t\t\t\t<h3 class=\"\" data-start=\"591\" data-end=\"619\">\ud83d\udd39 Ce que nous offrons:<\/h3><ul data-start=\"620\" data-end=\"901\"><li class=\"\" data-start=\"620\" data-end=\"682\"><p class=\"\" data-start=\"622\" data-end=\"682\"><strong data-start=\"622\" data-end=\"644\">Produits d\u2019origine<\/strong> et <strong data-start=\"648\" data-end=\"680\">compatibles de haute qualit\u00e9<\/strong><\/p><\/li><li class=\"\" data-start=\"683\" data-end=\"717\"><p class=\"\" data-start=\"685\" data-end=\"717\"><strong data-start=\"685\" data-end=\"705\">Livraison rapide<\/strong> et fiable<\/p><\/li><li class=\"\" data-start=\"718\" data-end=\"770\"><p class=\"\" data-start=\"720\" data-end=\"770\"><strong data-start=\"720\" data-end=\"746\">Conseils personnalis\u00e9s<\/strong> selon vos \u00e9quipements<\/p><\/li><li class=\"\" data-start=\"771\" data-end=\"846\"><p class=\"\" data-start=\"773\" data-end=\"846\"><strong data-start=\"773\" data-end=\"791\">Stock r\u00e9gulier<\/strong> pour r\u00e9pondre aux besoins r\u00e9currents des entreprises<\/p><\/li><li class=\"\" data-start=\"847\" data-end=\"901\"><p class=\"\" data-start=\"849\" data-end=\"901\"><strong data-start=\"849\" data-end=\"901\">Offres avantageuses pour les commandes en volume<\/strong><\/p><\/li><\/ul><p class=\"\" data-start=\"908\" data-end=\"1066\">Nos consommables sont rigoureusement s\u00e9lectionn\u00e9s pour garantir des impressions nettes, une dur\u00e9e de vie optimale des appareils et un co\u00fbt \u00e0 la page ma\u00eetris\u00e9.<\/p><p class=\"\" data-start=\"1068\" data-end=\"1140\"><strong data-start=\"1068\" data-end=\"1140\">Commandez vos cartouches en toute confiance avec Centre Bureautique.<\/strong><\/p>\t\t\t\t\t\t\t\t<\/div>\n\t\t\t\t<\/div>\n\t\t\t\t<div class=\"elementor-element elementor-element-d3faff3 elementor-widget elementor-widget-image\" data-id=\"d3faff3\" data-element_type=\"widget\" data-e-type=\"widget\" data-widget_type=\"image.default\">\n\t\t\t\t<div class=\"elementor-widget-container\">\n\t\t\t\t\t\t\t\t\t\t\t\t\t\t\t<img decoding=\"async\" width=\"1024\" height=\"683\" src=\"https:\/\/centrebureautique.com\/wp-content\/uploads\/2025\/12\/CentreBureautique_095_web150dpi-1024x683.jpg\" class=\"attachment-large size-large wp-image-5420\" alt=\"\" srcset=\"https:\/\/centrebureautique.com\/wp-content\/uploads\/2025\/12\/CentreBureautique_095_web150dpi-1024x683.jpg 1024w, https:\/\/centrebureautique.com\/wp-content\/uploads\/2025\/12\/CentreBureautique_095_web150dpi-300x200.jpg 300w, https:\/\/centrebureautique.com\/wp-content\/uploads\/2025\/12\/CentreBureautique_095_web150dpi-768x512.jpg 768w, https:\/\/centrebureautique.com\/wp-content\/uploads\/2025\/12\/CentreBureautique_095_web150dpi-1536x1025.jpg 1536w, https:\/\/centrebureautique.com\/wp-content\/uploads\/2025\/12\/CentreBureautique_095_web150dpi-2048x1366.jpg 2048w\" sizes=\"(max-width: 1024px) 100vw, 1024px\" \/>\t\t\t\t\t\t\t\t\t\t\t\t\t\t\t<\/div>\n\t\t\t\t<\/div>\n\t\t\t\t\t<\/div>\n\t\t\t\t<\/div>\n\t\t<div class=\"elementor-element elementor-element-9890f43 e-flex e-con-boxed e-con e-parent\" data-id=\"9890f43\" data-element_type=\"container\" data-e-type=\"container\">\n\t\t\t\t\t<div class=\"e-con-inner\">\n\t\t\t\t<div class=\"elementor-element elementor-element-62cb910 elementor-widget elementor-widget-spacer\" data-id=\"62cb910\" data-element_type=\"widget\" data-e-type=\"widget\" data-widget_type=\"spacer.default\">\n\t\t\t\t<div class=\"elementor-widget-container\">\n\t\t\t\t\t\t\t<div class=\"elementor-spacer\">\n\t\t\t<div class=\"elementor-spacer-inner\"><\/div>\n\t\t<\/div>\n\t\t\t\t\t\t<\/div>\n\t\t\t\t<\/div>\n\t\t\t\t\t<\/div>\n\t\t\t\t<\/div>\n\t\t\t\t<section class=\"elementor-section elementor-top-section elementor-element elementor-element-1e954d0 elementor-section-stretched elementor-section-boxed elementor-section-height-default elementor-section-height-default\" data-id=\"1e954d0\" data-element_type=\"section\" data-e-type=\"section\" data-settings=\"{&quot;stretch_section&quot;:&quot;section-stretched&quot;,&quot;background_background&quot;:&quot;classic&quot;}\">\n\t\t\t\t\t\t\t<div class=\"elementor-background-overlay\"><\/div>\n\t\t\t\t\t\t\t<div class=\"elementor-container elementor-column-gap-no\">\n\t\t\t\t\t<div class=\"elementor-column elementor-col-100 elementor-top-column elementor-element elementor-element-efd1521\" data-id=\"efd1521\" data-element_type=\"column\" data-e-type=\"column\" data-settings=\"{&quot;background_background&quot;:&quot;classic&quot;}\">\n\t\t\t<div class=\"elementor-widget-wrap elementor-element-populated\">\n\t\t\t\t\t\t<section class=\"elementor-section elementor-inner-section elementor-element elementor-element-f6a2040 elementor-section-boxed elementor-section-height-default elementor-section-height-default\" data-id=\"f6a2040\" data-element_type=\"section\" data-e-type=\"section\">\n\t\t\t\t\t\t<div class=\"elementor-container elementor-column-gap-wider\">\n\t\t\t\t\t<div class=\"elementor-column elementor-col-100 elementor-inner-column elementor-element elementor-element-07cfae3\" data-id=\"07cfae3\" data-element_type=\"column\" data-e-type=\"column\">\n\t\t\t<div class=\"elementor-widget-wrap elementor-element-populated\">\n\t\t\t\t\t\t<div class=\"elementor-element elementor-element-7444510 elementor-widget__width-initial elementor-widget elementor-widget-heading\" data-id=\"7444510\" data-element_type=\"widget\" data-e-type=\"widget\" data-widget_type=\"heading.default\">\n\t\t\t\t<div class=\"elementor-widget-container\">\n\t\t\t\t\t<h2 class=\"elementor-heading-title elementor-size-default\">Vous avez des questions? <\/h2>\t\t\t\t<\/div>\n\t\t\t\t<\/div>\n\t\t\t\t<div class=\"elementor-element elementor-element-7835001 elementor-widget elementor-widget-spacer\" data-id=\"7835001\" data-element_type=\"widget\" data-e-type=\"widget\" data-widget_type=\"spacer.default\">\n\t\t\t\t<div class=\"elementor-widget-container\">\n\t\t\t\t\t\t\t<div class=\"elementor-spacer\">\n\t\t\t<div class=\"elementor-spacer-inner\"><\/div>\n\t\t<\/div>\n\t\t\t\t\t\t<\/div>\n\t\t\t\t<\/div>\n\t\t\t\t<div class=\"elementor-element elementor-element-5a64bca elementor-widget__width-initial elementor-button-align-stretch elementor-widget elementor-widget-form\" data-id=\"5a64bca\" data-element_type=\"widget\" data-e-type=\"widget\" data-settings=\"{&quot;step_next_label&quot;:&quot;Next&quot;,&quot;step_previous_label&quot;:&quot;Previous&quot;,&quot;button_width&quot;:&quot;100&quot;,&quot;step_type&quot;:&quot;number_text&quot;,&quot;step_icon_shape&quot;:&quot;circle&quot;}\" data-widget_type=\"form.default\">\n\t\t\t\t<div class=\"elementor-widget-container\">\n\t\t\t\t\t\t\t<form class=\"elementor-form\" method=\"post\" name=\"New Form\" aria-label=\"New Form\">\n\t\t\t<input type=\"hidden\" name=\"post_id\" value=\"5121\"\/>\n\t\t\t<input type=\"hidden\" name=\"form_id\" value=\"5a64bca\"\/>\n\t\t\t<input type=\"hidden\" name=\"referer_title\" value=\"Centre Bureautique Rimouski\" \/>\n\n\t\t\t\n\t\t\t<div class=\"elementor-form-fields-wrapper elementor-labels-\">\n\t\t\t\t\t\t\t\t<div class=\"elementor-field-type-text elementor-field-group elementor-column elementor-field-group-name elementor-col-50 elementor-field-required\">\n\t\t\t\t\t\t\t\t\t\t\t\t<label for=\"form-field-name\" class=\"elementor-field-label elementor-screen-only\">\n\t\t\t\t\t\t\t\tNom\t\t\t\t\t\t\t<\/label>\n\t\t\t\t\t\t\t\t\t\t\t\t\t\t<input size=\"1\" type=\"text\" name=\"form_fields[name]\" id=\"form-field-name\" class=\"elementor-field elementor-size-lg  elementor-field-textual\" placeholder=\"Entrez votre nom\" required=\"required\">\n\t\t\t\t\t\t\t\t\t\t\t<\/div>\n\t\t\t\t\t\t\t\t<div class=\"elementor-field-type-tel elementor-field-group elementor-column elementor-field-group-field_26afb77 elementor-col-50\">\n\t\t\t\t\t\t\t\t\t\t\t\t<label for=\"form-field-field_26afb77\" class=\"elementor-field-label elementor-screen-only\">\n\t\t\t\t\t\t\t\tT\u00e9l\u00e9phone\t\t\t\t\t\t\t<\/label>\n\t\t\t\t\t\t\t\t<input size=\"1\" type=\"tel\" name=\"form_fields[field_26afb77]\" id=\"form-field-field_26afb77\" class=\"elementor-field elementor-size-lg  elementor-field-textual\" placeholder=\"Num\u00e9ro de t\u00e9l\u00e9phone\" pattern=\"[0-9()#&amp;+*-=.]+\" title=\"Seuls les caract\u00e8res de num\u00e9ros de t\u00e9l\u00e9phone (#, -, *, etc.) sont accept\u00e9s.\">\n\n\t\t\t\t\t\t<\/div>\n\t\t\t\t\t\t\t\t<div class=\"elementor-field-type-recaptcha_v3 elementor-field-group elementor-column elementor-field-group-field_a7d1ad8 elementor-col-100 recaptcha_v3-bottomleft\">\n\t\t\t\t\t<div class=\"elementor-field\" id=\"form-field-field_a7d1ad8\"><div class=\"elementor-g-recaptcha\" data-sitekey=\"6LfSmEQsAAAAAMSR-Tprl7IuZqdrYdf7CIuuwM6P\" data-type=\"v3\" data-action=\"Form\" data-badge=\"bottomleft\" data-size=\"invisible\"><\/div><\/div>\t\t\t\t<\/div>\n\t\t\t\t\t\t\t\t<div class=\"elementor-field-group elementor-column elementor-field-type-submit elementor-col-100 e-form__buttons\">\n\t\t\t\t\t<button class=\"elementor-button elementor-size-lg\" type=\"submit\">\n\t\t\t\t\t\t<span class=\"elementor-button-content-wrapper\">\n\t\t\t\t\t\t\t\t\t\t\t\t\t\t\t<span class=\"elementor-button-icon\">\n\t\t\t\t\t\t\t\t\t<svg aria-hidden=\"true\" class=\"e-font-icon-svg e-fas-phone-alt\" viewBox=\"0 0 512 512\" xmlns=\"http:\/\/www.w3.org\/2000\/svg\"><path d=\"M497.39 361.8l-112-48a24 24 0 0 0-28 6.9l-49.6 60.6A370.66 370.66 0 0 1 130.6 204.11l60.6-49.6a23.94 23.94 0 0 0 6.9-28l-48-112A24.16 24.16 0 0 0 122.6.61l-104 24A24 24 0 0 0 0 48c0 256.5 207.9 464 464 464a24 24 0 0 0 23.4-18.6l24-104a24.29 24.29 0 0 0-14.01-27.6z\"><\/path><\/svg>\t\t\t\t\t\t\t\t\t\t\t\t\t\t\t\t\t<\/span>\n\t\t\t\t\t\t\t\t\t\t\t\t\t\t\t\t\t\t\t\t\t\t<span class=\"elementor-button-text\">Demandez un rappel<\/span>\n\t\t\t\t\t\t\t\t\t\t\t\t\t<\/span>\n\t\t\t\t\t<\/button>\n\t\t\t\t<\/div>\n\t\t\t<\/div>\n\t\t<\/form>\n\t\t\t\t\t\t<\/div>\n\t\t\t\t<\/div>\n\t\t\t\t\t<\/div>\n\t\t<\/div>\n\t\t\t\t\t<\/div>\n\t\t<\/section>\n\t\t\t\t\t<\/div>\n\t\t<\/div>\n\t\t\t\t\t<\/div>\n\t\t<\/section>\n\t\t\t\t<\/div>\n\t\t","protected":false},"excerpt":{"rendered":"<p>\ud83d\udda8\ufe0f Cartouches et consommables pour copieurs et imprimantes Chez Centre Bureautique, nous vous offrons tout le n\u00e9cessaire pour faire fonctionner vos \u00e9quipements d\u2019impression en continu, sans compromis sur la qualit\u00e9. Nous proposons une large gamme de cartouches d\u2019encre, toners et consommables compatibles avec les principales marques du march\u00e9 : Canon, Lexmark , Brother, Samsung, HP&hellip;<\/p>\n","protected":false},"author":2,"featured_media":5123,"parent":0,"menu_order":0,"comment_status":"closed","ping_status":"closed","template":"","meta":{"footnotes":""},"class_list":["post-5121","page","type-page","status-publish","has-post-thumbnail","hentry"],"yoast_head":"<!-- This site is optimized with the Yoast SEO plugin v27.5 - https:\/\/yoast.com\/product\/yoast-seo-wordpress\/ -->\n<title>Vente de cartouches et consommables - Centre Bureautique Rimouski<\/title>\n<meta name=\"description\" content=\"Nous vous offrons tout le n\u00e9cessaire pour faire fonctionner vos \u00e9quipements d\u2019impression en continu, sans compromis sur la qualit\u00e9.\" \/>\n<meta name=\"robots\" content=\"index, follow, max-snippet:-1, max-image-preview:large, max-video-preview:-1\" \/>\n<link rel=\"canonical\" href=\"https:\/\/centrebureautique.com\/index.php\/vente-de-cartouches-et-consommables\/\" \/>\n<meta property=\"og:locale\" content=\"fr_FR\" \/>\n<meta property=\"og:type\" content=\"article\" \/>\n<meta property=\"og:title\" content=\"Vente de cartouches et consommables - Centre Bureautique Rimouski\" \/>\n<meta property=\"og:description\" content=\"Nous vous offrons tout le n\u00e9cessaire pour faire fonctionner vos \u00e9quipements d\u2019impression en continu, sans compromis sur la qualit\u00e9.\" \/>\n<meta property=\"og:url\" content=\"https:\/\/centrebureautique.com\/index.php\/vente-de-cartouches-et-consommables\/\" \/>\n<meta property=\"og:site_name\" content=\"Centre Bureautique Rimouski\" \/>\n<meta property=\"article:publisher\" content=\"https:\/\/www.facebook.com\/centrebureautique\" \/>\n<meta property=\"article:modified_time\" content=\"2026-01-09T13:20:05+00:00\" \/>\n<meta property=\"og:image\" content=\"https:\/\/centrebureautique.com\/wp-content\/uploads\/2025\/04\/download.jpeg\" \/>\n\t<meta property=\"og:image:width\" content=\"304\" \/>\n\t<meta property=\"og:image:height\" content=\"166\" \/>\n\t<meta property=\"og:image:type\" content=\"image\/jpeg\" \/>\n<meta name=\"twitter:card\" content=\"summary_large_image\" \/>\n<meta name=\"twitter:label1\" content=\"Dur\u00e9e de lecture estim\u00e9e\" \/>\n\t<meta name=\"twitter:data1\" content=\"2 minutes\" \/>\n<script type=\"application\/ld+json\" class=\"yoast-schema-graph\">{\"@context\":\"https:\\\/\\\/schema.org\",\"@graph\":[{\"@type\":\"WebPage\",\"@id\":\"https:\\\/\\\/centrebureautique.com\\\/index.php\\\/vente-de-cartouches-et-consommables\\\/\",\"url\":\"https:\\\/\\\/centrebureautique.com\\\/index.php\\\/vente-de-cartouches-et-consommables\\\/\",\"name\":\"Vente de cartouches et consommables - Centre Bureautique Rimouski\",\"isPartOf\":{\"@id\":\"https:\\\/\\\/centrebureautique.com\\\/#website\"},\"primaryImageOfPage\":{\"@id\":\"https:\\\/\\\/centrebureautique.com\\\/index.php\\\/vente-de-cartouches-et-consommables\\\/#primaryimage\"},\"image\":{\"@id\":\"https:\\\/\\\/centrebureautique.com\\\/index.php\\\/vente-de-cartouches-et-consommables\\\/#primaryimage\"},\"thumbnailUrl\":\"https:\\\/\\\/centrebureautique.com\\\/wp-content\\\/uploads\\\/2025\\\/04\\\/download.jpeg\",\"datePublished\":\"2025-04-04T18:12:19+00:00\",\"dateModified\":\"2026-01-09T13:20:05+00:00\",\"description\":\"Nous vous offrons tout le n\u00e9cessaire pour faire fonctionner vos \u00e9quipements d\u2019impression en continu, sans compromis sur la qualit\u00e9.\",\"breadcrumb\":{\"@id\":\"https:\\\/\\\/centrebureautique.com\\\/index.php\\\/vente-de-cartouches-et-consommables\\\/#breadcrumb\"},\"inLanguage\":\"fr-FR\",\"potentialAction\":[{\"@type\":\"ReadAction\",\"target\":[\"https:\\\/\\\/centrebureautique.com\\\/index.php\\\/vente-de-cartouches-et-consommables\\\/\"]}]},{\"@type\":\"ImageObject\",\"inLanguage\":\"fr-FR\",\"@id\":\"https:\\\/\\\/centrebureautique.com\\\/index.php\\\/vente-de-cartouches-et-consommables\\\/#primaryimage\",\"url\":\"https:\\\/\\\/centrebureautique.com\\\/wp-content\\\/uploads\\\/2025\\\/04\\\/download.jpeg\",\"contentUrl\":\"https:\\\/\\\/centrebureautique.com\\\/wp-content\\\/uploads\\\/2025\\\/04\\\/download.jpeg\",\"width\":304,\"height\":166},{\"@type\":\"BreadcrumbList\",\"@id\":\"https:\\\/\\\/centrebureautique.com\\\/index.php\\\/vente-de-cartouches-et-consommables\\\/#breadcrumb\",\"itemListElement\":[{\"@type\":\"ListItem\",\"position\":1,\"name\":\"Accueil\",\"item\":\"https:\\\/\\\/centrebureautique.com\\\/\"},{\"@type\":\"ListItem\",\"position\":2,\"name\":\"Vente de cartouches et consommables\"}]},{\"@type\":\"WebSite\",\"@id\":\"https:\\\/\\\/centrebureautique.com\\\/#website\",\"url\":\"https:\\\/\\\/centrebureautique.com\\\/\",\"name\":\"Centre Bureautique\",\"description\":\"Des solutions d\u2019impression et de gestion documentaire qui travaillent pour vous\",\"publisher\":{\"@id\":\"https:\\\/\\\/centrebureautique.com\\\/#organization\"},\"potentialAction\":[{\"@type\":\"SearchAction\",\"target\":{\"@type\":\"EntryPoint\",\"urlTemplate\":\"https:\\\/\\\/centrebureautique.com\\\/?s={search_term_string}\"},\"query-input\":{\"@type\":\"PropertyValueSpecification\",\"valueRequired\":true,\"valueName\":\"search_term_string\"}}],\"inLanguage\":\"fr-FR\"},{\"@type\":\"Organization\",\"@id\":\"https:\\\/\\\/centrebureautique.com\\\/#organization\",\"name\":\"Centre Bureautique\",\"url\":\"https:\\\/\\\/centrebureautique.com\\\/\",\"logo\":{\"@type\":\"ImageObject\",\"inLanguage\":\"fr-FR\",\"@id\":\"https:\\\/\\\/centrebureautique.com\\\/#\\\/schema\\\/logo\\\/image\\\/\",\"url\":\"http:\\\/\\\/centrebureautique.com\\\/wp-content\\\/uploads\\\/2025\\\/03\\\/CentreBureautiqueCOUL.png\",\"contentUrl\":\"http:\\\/\\\/centrebureautique.com\\\/wp-content\\\/uploads\\\/2025\\\/03\\\/CentreBureautiqueCOUL.png\",\"width\":1950,\"height\":750,\"caption\":\"Centre Bureautique\"},\"image\":{\"@id\":\"https:\\\/\\\/centrebureautique.com\\\/#\\\/schema\\\/logo\\\/image\\\/\"},\"sameAs\":[\"https:\\\/\\\/www.facebook.com\\\/centrebureautique\"]}]}<\/script>\n<!-- \/ Yoast SEO plugin. -->","yoast_head_json":{"title":"Vente de cartouches et consommables - Centre Bureautique Rimouski","description":"Nous vous offrons tout le n\u00e9cessaire pour faire fonctionner vos \u00e9quipements d\u2019impression en continu, sans compromis sur la qualit\u00e9.","robots":{"index":"index","follow":"follow","max-snippet":"max-snippet:-1","max-image-preview":"max-image-preview:large","max-video-preview":"max-video-preview:-1"},"canonical":"https:\/\/centrebureautique.com\/index.php\/vente-de-cartouches-et-consommables\/","og_locale":"fr_FR","og_type":"article","og_title":"Vente de cartouches et consommables - Centre Bureautique Rimouski","og_description":"Nous vous offrons tout le n\u00e9cessaire pour faire fonctionner vos \u00e9quipements d\u2019impression en continu, sans compromis sur la qualit\u00e9.","og_url":"https:\/\/centrebureautique.com\/index.php\/vente-de-cartouches-et-consommables\/","og_site_name":"Centre Bureautique Rimouski","article_publisher":"https:\/\/www.facebook.com\/centrebureautique","article_modified_time":"2026-01-09T13:20:05+00:00","og_image":[{"width":304,"height":166,"url":"https:\/\/centrebureautique.com\/wp-content\/uploads\/2025\/04\/download.jpeg","type":"image\/jpeg"}],"twitter_card":"summary_large_image","twitter_misc":{"Dur\u00e9e de lecture estim\u00e9e":"2 minutes"},"schema":{"@context":"https:\/\/schema.org","@graph":[{"@type":"WebPage","@id":"https:\/\/centrebureautique.com\/index.php\/vente-de-cartouches-et-consommables\/","url":"https:\/\/centrebureautique.com\/index.php\/vente-de-cartouches-et-consommables\/","name":"Vente de cartouches et consommables - Centre Bureautique Rimouski","isPartOf":{"@id":"https:\/\/centrebureautique.com\/#website"},"primaryImageOfPage":{"@id":"https:\/\/centrebureautique.com\/index.php\/vente-de-cartouches-et-consommables\/#primaryimage"},"image":{"@id":"https:\/\/centrebureautique.com\/index.php\/vente-de-cartouches-et-consommables\/#primaryimage"},"thumbnailUrl":"https:\/\/centrebureautique.com\/wp-content\/uploads\/2025\/04\/download.jpeg","datePublished":"2025-04-04T18:12:19+00:00","dateModified":"2026-01-09T13:20:05+00:00","description":"Nous vous offrons tout le n\u00e9cessaire pour faire fonctionner vos \u00e9quipements d\u2019impression en continu, sans compromis sur la qualit\u00e9.","breadcrumb":{"@id":"https:\/\/centrebureautique.com\/index.php\/vente-de-cartouches-et-consommables\/#breadcrumb"},"inLanguage":"fr-FR","potentialAction":[{"@type":"ReadAction","target":["https:\/\/centrebureautique.com\/index.php\/vente-de-cartouches-et-consommables\/"]}]},{"@type":"ImageObject","inLanguage":"fr-FR","@id":"https:\/\/centrebureautique.com\/index.php\/vente-de-cartouches-et-consommables\/#primaryimage","url":"https:\/\/centrebureautique.com\/wp-content\/uploads\/2025\/04\/download.jpeg","contentUrl":"https:\/\/centrebureautique.com\/wp-content\/uploads\/2025\/04\/download.jpeg","width":304,"height":166},{"@type":"BreadcrumbList","@id":"https:\/\/centrebureautique.com\/index.php\/vente-de-cartouches-et-consommables\/#breadcrumb","itemListElement":[{"@type":"ListItem","position":1,"name":"Accueil","item":"https:\/\/centrebureautique.com\/"},{"@type":"ListItem","position":2,"name":"Vente de cartouches et consommables"}]},{"@type":"WebSite","@id":"https:\/\/centrebureautique.com\/#website","url":"https:\/\/centrebureautique.com\/","name":"Centre Bureautique","description":"Des solutions d\u2019impression et de gestion documentaire qui travaillent pour vous","publisher":{"@id":"https:\/\/centrebureautique.com\/#organization"},"potentialAction":[{"@type":"SearchAction","target":{"@type":"EntryPoint","urlTemplate":"https:\/\/centrebureautique.com\/?s={search_term_string}"},"query-input":{"@type":"PropertyValueSpecification","valueRequired":true,"valueName":"search_term_string"}}],"inLanguage":"fr-FR"},{"@type":"Organization","@id":"https:\/\/centrebureautique.com\/#organization","name":"Centre Bureautique","url":"https:\/\/centrebureautique.com\/","logo":{"@type":"ImageObject","inLanguage":"fr-FR","@id":"https:\/\/centrebureautique.com\/#\/schema\/logo\/image\/","url":"http:\/\/centrebureautique.com\/wp-content\/uploads\/2025\/03\/CentreBureautiqueCOUL.png","contentUrl":"http:\/\/centrebureautique.com\/wp-content\/uploads\/2025\/03\/CentreBureautiqueCOUL.png","width":1950,"height":750,"caption":"Centre Bureautique"},"image":{"@id":"https:\/\/centrebureautique.com\/#\/schema\/logo\/image\/"},"sameAs":["https:\/\/www.facebook.com\/centrebureautique"]}]}},"jetpack_sharing_enabled":true,"_links":{"self":[{"href":"https:\/\/centrebureautique.com\/index.php\/wp-json\/wp\/v2\/pages\/5121","targetHints":{"allow":["GET"]}}],"collection":[{"href":"https:\/\/centrebureautique.com\/index.php\/wp-json\/wp\/v2\/pages"}],"about":[{"href":"https:\/\/centrebureautique.com\/index.php\/wp-json\/wp\/v2\/types\/page"}],"author":[{"embeddable":true,"href":"https:\/\/centrebureautique.com\/index.php\/wp-json\/wp\/v2\/users\/2"}],"replies":[{"embeddable":true,"href":"https:\/\/centrebureautique.com\/index.php\/wp-json\/wp\/v2\/comments?post=5121"}],"version-history":[{"count":31,"href":"https:\/\/centrebureautique.com\/index.php\/wp-json\/wp\/v2\/pages\/5121\/revisions"}],"predecessor-version":[{"id":6149,"href":"https:\/\/centrebureautique.com\/index.php\/wp-json\/wp\/v2\/pages\/5121\/revisions\/6149"}],"wp:featuredmedia":[{"embeddable":true,"href":"https:\/\/centrebureautique.com\/index.php\/wp-json\/wp\/v2\/media\/5123"}],"wp:attachment":[{"href":"https:\/\/centrebureautique.com\/index.php\/wp-json\/wp\/v2\/media?parent=5121"}],"curies":[{"name":"wp","href":"https:\/\/api.w.org\/{rel}","templated":true}]}}